{"id":591,"date":"2022-12-05T10:15:28","date_gmt":"2022-12-05T09:15:28","guid":{"rendered":"http:\/\/renatafranca-montpellier.fr\/?page_id=591"},"modified":"2022-12-05T10:17:06","modified_gmt":"2022-12-05T09:17:06","slug":"carte-cadeau","status":"publish","type":"page","link":"https:\/\/renatafranca-montpellier.fr\/?page_id=591","title":{"rendered":"Carte Cadeau"},"content":{"rendered":"\n<figure class=\"wp-block-image size-large is-style-rounded\"><img loading=\"lazy\" decoding=\"async\" width=\"1024\" height=\"1024\" src=\"http:\/\/renatafranca-montpellier.fr\/wp-content\/uploads\/2022\/12\/Cartecadeau2-1024x1024.jpg\" alt=\"\" class=\"wp-image-592\" srcset=\"https:\/\/renatafranca-montpellier.fr\/wp-content\/uploads\/2022\/12\/Cartecadeau2-1024x1024.jpg 1024w, https:\/\/renatafranca-montpellier.fr\/wp-content\/uploads\/2022\/12\/Cartecadeau2-300x300.jpg 300w, https:\/\/renatafranca-montpellier.fr\/wp-content\/uploads\/2022\/12\/Cartecadeau2-150x150.jpg 150w, https:\/\/renatafranca-montpellier.fr\/wp-content\/uploads\/2022\/12\/Cartecadeau2-768x768.jpg 768w, https:\/\/renatafranca-montpellier.fr\/wp-content\/uploads\/2022\/12\/Cartecadeau2-1536x1536.jpg 1536w, https:\/\/renatafranca-montpellier.fr\/wp-content\/uploads\/2022\/12\/Cartecadeau2-2048x2048.jpg 2048w, https:\/\/renatafranca-montpellier.fr\/wp-content\/uploads\/2022\/12\/Cartecadeau2-60x60.jpg 60w\" sizes=\"(max-width: 1024px) 100vw, 1024px\" \/><figcaption>Carte Cadeau Renata Fran\u00e7a<\/figcaption><\/figure>\n\n\n\n<p>Pour commander une carte cadeau rien de plus simple ! <\/p>\n\n\n\n<p>Me contacter par mail ou sms <\/p>\n\n\n\n<p>Le r\u00e8glement se fait par virement, esp\u00e8ces ou ch\u00e8ques  <\/p>\n\n\n\n<p>Si vous ne pouvez pas venir au centre retirer votre carte cadeau je vous l&rsquo;envoie chez vous !<\/p>\n\n\n\n<p><\/p>\n","protected":false},"excerpt":{"rendered":"<p>Pour commander une carte cadeau rien de plus simple ! Me contacter par mail ou sms Le r\u00e8glement se fait par virement, esp\u00e8ces ou ch\u00e8ques Si vous ne pouvez pas venir au centre retirer votre carte cadeau je vous l&rsquo;envoie chez vous !<\/p>\n","protected":false},"author":1,"featured_media":0,"parent":0,"menu_order":0,"comment_status":"closed","ping_status":"closed","template":"","meta":{"footnotes":""},"_links":{"self":[{"href":"https:\/\/renatafranca-montpellier.fr\/index.php?rest_route=\/wp\/v2\/pages\/591"}],"collection":[{"href":"https:\/\/renatafranca-montpellier.fr\/index.php?rest_route=\/wp\/v2\/pages"}],"about":[{"href":"https:\/\/renatafranca-montpellier.fr\/index.php?rest_route=\/wp\/v2\/types\/page"}],"author":[{"embeddable":true,"href":"https:\/\/renatafranca-montpellier.fr\/index.php?rest_route=\/wp\/v2\/users\/1"}],"replies":[{"embeddable":true,"href":"https:\/\/renatafranca-montpellier.fr\/index.php?rest_route=%2Fwp%2Fv2%2Fcomments&post=591"}],"version-history":[{"count":2,"href":"https:\/\/renatafranca-montpellier.fr\/index.php?rest_route=\/wp\/v2\/pages\/591\/revisions"}],"predecessor-version":[{"id":595,"href":"https:\/\/renatafranca-montpellier.fr\/index.php?rest_route=\/wp\/v2\/pages\/591\/revisions\/595"}],"wp:attachment":[{"href":"https:\/\/renatafranca-montpellier.fr\/index.php?rest_route=%2Fwp%2Fv2%2Fmedia&parent=591"}],"curies":[{"name":"wp","href":"https:\/\/api.w.org\/{rel}","templated":true}]}}