{"id":511,"date":"2021-12-08T09:19:21","date_gmt":"2021-12-08T08:19:21","guid":{"rendered":"http:\/\/renatafranca-montpellier.fr\/?page_id=511"},"modified":"2021-12-08T09:20:36","modified_gmt":"2021-12-08T08:20:36","slug":"les-contre-indications","status":"publish","type":"page","link":"https:\/\/renatafranca-montpellier.fr\/?page_id=511","title":{"rendered":"Les contre-indications"},"content":{"rendered":"\n<h3 class=\"wp-block-heading\"><\/h3>\n\n\n\n<h5 class=\"wp-block-heading\">Les contre-indications ABSOLUES:&nbsp;<\/h5>\n\n\n\n<ul><li>Phl\u00e9bite de moins de 3 mois<\/li><li>1er trimestre de grossesse<\/li><li>Infection en cours (urinaire, pulmonaire, ORL&#8230;)<\/li><li>Fi\u00e8vre<\/li><li>Antibioth\u00e9rapie en cours<\/li><li>Insuffisance cardiaque<\/li><li>Insuffisance r\u00e9nale<\/li><\/ul>\n\n\n\n<h5 class=\"wp-block-heading\">Les contre-indications RELATIVES pour lesquelles UN AVIS MEDICAL EST SOUHAITE&nbsp;:<\/h5>\n\n\n\n<ul><li>Diab\u00e8te<\/li><li>Hypo\/hyperthyro\u00efdie<\/li><li>Hypertension<\/li><li>Asthme<\/li><li>Pathologie auto-immune<\/li><\/ul>\n","protected":false},"excerpt":{"rendered":"<p>Les contre-indications ABSOLUES:&nbsp; Phl\u00e9bite de moins de 3 mois 1er trimestre de grossesse Infection en cours (urinaire, pulmonaire, ORL&#8230;) Fi\u00e8vre Antibioth\u00e9rapie en cours Insuffisance cardiaque Insuffisance r\u00e9nale Les contre-indications RELATIVES pour lesquelles UN AVIS MEDICAL EST SOUHAITE&nbsp;: Diab\u00e8te Hypo\/hyperthyro\u00efdie Hypertension Asthme Pathologie auto-immune<\/p>\n","protected":false},"author":1,"featured_media":0,"parent":0,"menu_order":0,"comment_status":"closed","ping_status":"closed","template":"","meta":{"footnotes":""},"_links":{"self":[{"href":"https:\/\/renatafranca-montpellier.fr\/index.php?rest_route=\/wp\/v2\/pages\/511"}],"collection":[{"href":"https:\/\/renatafranca-montpellier.fr\/index.php?rest_route=\/wp\/v2\/pages"}],"about":[{"href":"https:\/\/renatafranca-montpellier.fr\/index.php?rest_route=\/wp\/v2\/types\/page"}],"author":[{"embeddable":true,"href":"https:\/\/renatafranca-montpellier.fr\/index.php?rest_route=\/wp\/v2\/users\/1"}],"replies":[{"embeddable":true,"href":"https:\/\/renatafranca-montpellier.fr\/index.php?rest_route=%2Fwp%2Fv2%2Fcomments&post=511"}],"version-history":[{"count":2,"href":"https:\/\/renatafranca-montpellier.fr\/index.php?rest_route=\/wp\/v2\/pages\/511\/revisions"}],"predecessor-version":[{"id":515,"href":"https:\/\/renatafranca-montpellier.fr\/index.php?rest_route=\/wp\/v2\/pages\/511\/revisions\/515"}],"wp:attachment":[{"href":"https:\/\/renatafranca-montpellier.fr\/index.php?rest_route=%2Fwp%2Fv2%2Fmedia&parent=511"}],"curies":[{"name":"wp","href":"https:\/\/api.w.org\/{rel}","templated":true}]}}