{"id":508,"date":"2021-12-08T09:18:34","date_gmt":"2021-12-08T08:18:34","guid":{"rendered":"http:\/\/renatafranca-montpellier.fr\/?page_id=508"},"modified":"2021-12-08T09:20:21","modified_gmt":"2021-12-08T08:20:21","slug":"les-bienfaits","status":"publish","type":"page","link":"https:\/\/renatafranca-montpellier.fr\/?page_id=508","title":{"rendered":"Les bienfaits"},"content":{"rendered":"\n<h3 class=\"wp-block-heading\"><\/h3>\n\n\n\n<p>Le drainage lymphatique pr\u00e9sente de nombreux bienfaits&nbsp;:<\/p>\n\n\n\n<ul><li>Il lutte contre la r\u00e9tention d\u2019eau&nbsp;;<\/li><li>Il draine et favorise l\u2019\u00e9limination des toxines<\/li><li>Il stimule le syst\u00e8me immunitaire<\/li><li>Il diminue les ballonement et inconforts intestinaux<\/li><li>Il&nbsp;affine particuli\u00e8rement la silhouette&nbsp;et&nbsp;am\u00e9liore r\u00e9ellement l\u2019aspect de la peau&nbsp;<\/li><li>Il&nbsp;soulage les jambes &nbsp;lourdes&nbsp;<\/li><li>Il&nbsp;diminue l\u2019anxi\u00e9t\u00e9 et la fatigue, tout en&nbsp;favorisant le sommeil<\/li><\/ul>\n","protected":false},"excerpt":{"rendered":"<p>Le drainage lymphatique pr\u00e9sente de nombreux bienfaits&nbsp;: Il lutte contre la r\u00e9tention d\u2019eau&nbsp;; Il draine et favorise l\u2019\u00e9limination des toxines Il stimule le syst\u00e8me immunitaire Il diminue les ballonement et inconforts intestinaux Il&nbsp;affine particuli\u00e8rement la silhouette&nbsp;et&nbsp;am\u00e9liore r\u00e9ellement l\u2019aspect de la peau&nbsp; Il&nbsp;soulage les jambes &nbsp;lourdes&nbsp; Il&nbsp;diminue l\u2019anxi\u00e9t\u00e9 et la fatigue, tout en&nbsp;favorisant le sommeil<\/p>\n","protected":false},"author":1,"featured_media":0,"parent":0,"menu_order":0,"comment_status":"closed","ping_status":"closed","template":"","meta":{"footnotes":""},"_links":{"self":[{"href":"https:\/\/renatafranca-montpellier.fr\/index.php?rest_route=\/wp\/v2\/pages\/508"}],"collection":[{"href":"https:\/\/renatafranca-montpellier.fr\/index.php?rest_route=\/wp\/v2\/pages"}],"about":[{"href":"https:\/\/renatafranca-montpellier.fr\/index.php?rest_route=\/wp\/v2\/types\/page"}],"author":[{"embeddable":true,"href":"https:\/\/renatafranca-montpellier.fr\/index.php?rest_route=\/wp\/v2\/users\/1"}],"replies":[{"embeddable":true,"href":"https:\/\/renatafranca-montpellier.fr\/index.php?rest_route=%2Fwp%2Fv2%2Fcomments&post=508"}],"version-history":[{"count":2,"href":"https:\/\/renatafranca-montpellier.fr\/index.php?rest_route=\/wp\/v2\/pages\/508\/revisions"}],"predecessor-version":[{"id":514,"href":"https:\/\/renatafranca-montpellier.fr\/index.php?rest_route=\/wp\/v2\/pages\/508\/revisions\/514"}],"wp:attachment":[{"href":"https:\/\/renatafranca-montpellier.fr\/index.php?rest_route=%2Fwp%2Fv2%2Fmedia&parent=508"}],"curies":[{"name":"wp","href":"https:\/\/api.w.org\/{rel}","templated":true}]}}