{"id":181,"date":"2021-10-18T16:47:20","date_gmt":"2021-10-18T14:47:20","guid":{"rendered":"http:\/\/renatafranca-montpellier.fr\/?page_id=181"},"modified":"2022-01-04T08:59:39","modified_gmt":"2022-01-04T07:59:39","slug":"la-methode-2","status":"publish","type":"page","link":"https:\/\/renatafranca-montpellier.fr\/?page_id=181","title":{"rendered":"La m\u00e9thode Renata Franca"},"content":{"rendered":"\n<figure class=\"wp-block-image size-full is-style-default\"><img loading=\"lazy\" decoding=\"async\" width=\"947\" height=\"512\" src=\"http:\/\/renatafranca-montpellier.fr\/wp-content\/uploads\/2021\/11\/Drainage-lymphatique-renata-franca-12-e1637659185972.jpg\" alt=\"\" class=\"wp-image-351\" srcset=\"https:\/\/renatafranca-montpellier.fr\/wp-content\/uploads\/2021\/11\/Drainage-lymphatique-renata-franca-12-e1637659185972.jpg 947w, https:\/\/renatafranca-montpellier.fr\/wp-content\/uploads\/2021\/11\/Drainage-lymphatique-renata-franca-12-e1637659185972-300x162.jpg 300w, https:\/\/renatafranca-montpellier.fr\/wp-content\/uploads\/2021\/11\/Drainage-lymphatique-renata-franca-12-e1637659185972-768x415.jpg 768w\" sizes=\"(max-width: 947px) 100vw, 947px\" \/><\/figure>\n\n\n<p>\u00a0<\/p>\n<h6><strong><span style=\"color: #808080;\">La m\u00e9thode Renata Fran\u00e7a se compose de plusieurs protocoles sp\u00e9cifiques et compl\u00e9mentaires \u2009: <\/span><\/strong><span style=\"color: #808080;\">le drainage lymphatique<\/span><strong><span style=\"color: #808080;\"> pour <\/span><\/strong><span style=\"color: #808080;\">d\u00e9sengorger<\/span><strong><span style=\"color: #808080;\">, <\/span><\/strong><span style=\"color: #808080;\">d\u00e9toxifier<\/span><strong><span style=\"color: #808080;\"> et <\/span><\/strong><span style=\"color: #808080;\">agir sur la cellulite<\/span><strong><span style=\"color: #808080;\"> aqueuse, mais aussi <\/span><\/strong><span style=\"color: #808080;\">le remodelage<\/span><strong><span style=\"color: #808080;\">, qui permet un travail en profondeur pour intervenir sur la cellulite adipeuse et fibreuse, et donc <\/span><\/strong><span style=\"color: #808080;\">sculpter le corps<\/span><strong><span style=\"color: #808080;\">.<\/span><\/strong><\/h6>\n<h3><span style=\"color: #808080;\"><strong>Le Drainage <span style=\"color: #808080;\">Lymphatique<\/span> <\/strong><\/span><\/h3>\n<p><span style=\"color: #808080;\">Renata Franca a r\u00e9volutionn\u00e9 le drainage classique en y int\u00e9grant <strong>une gestuelle pr\u00e9cise<\/strong>, une <strong>pression ferme<\/strong> et un <strong>rythme plus rapide<\/strong> permettant un travail global sur le syst\u00e8me lymphatique, sanguin et digestif\u2009.<\/span><\/p>\n<p><span style=\"color: #808080;\">Ces mouvements pr\u00e9cis, assocci\u00e9s \u00e0 \u00a0des man\u0153uvres exclusives \u00a0et \u00e0 de multiples pompages permettent des r\u00e9sultats rapides.<\/span><\/p>\n<p>\u00a0<\/p>\n<h5><span style=\"color: #ff9900;\"><a style=\"color: #ff9900;\" href=\"https:\/\/sparenatafranca.com\/fr\/\">Site Officiel de la M\u00e9thode Renata Franca<\/a><\/span><\/h5>\n<p>\u00a0<\/p>\n<h3><span style=\"color: #808080;\">Les bienfaits\u00a0<\/span><\/h3>\n<p><span style=\"color: #808080;\">Le drainage lymphatique pr\u00e9sente de nombreux bienfaits\u00a0:<\/span><\/p>\n<ul>\n<li><span style=\"color: #808080;\">Il lutte contre la r\u00e9tention d\u2019eau\u00a0;<\/span><\/li>\n<li><span style=\"color: #808080;\">Il draine et favorise l\u2019\u00e9limination des toxines<\/span><\/li>\n<li><span style=\"color: #808080;\">Il stimule le syst\u00e8me immunitaire<\/span><\/li>\n<li><span style=\"color: #808080;\">Il diminue les ballonement et inconforts intestinaux<\/span><\/li>\n<li><span style=\"color: #808080;\">Il\u00a0affine particuli\u00e8rement la silhouette\u00a0et\u00a0am\u00e9liore r\u00e9ellement l\u2019aspect de la peau\u00a0<\/span><\/li>\n<li><span style=\"color: #808080;\">Il\u00a0soulage les jambes \u00a0lourdes\u00a0<\/span><\/li>\n<li><span style=\"color: #808080;\">Il\u00a0diminue l\u2019anxi\u00e9t\u00e9 et la fatigue, tout en\u00a0favorisant le sommeil<\/span><\/li>\n<\/ul>\n<p>\u00a0<\/p>\n<h3><span style=\"color: #808080;\">Les contre-indications<\/span><\/h3>\n<h5><span style=\"color: #808080;\">Les contre-indications ABSOLUES:\u00a0<\/span><\/h5>\n<ul>\n<li><span style=\"color: #808080;\">Phl\u00e9bite de moins de 3 mois<\/span><\/li>\n<li><span style=\"color: #808080;\">1er trimestre de grossesse<\/span><\/li>\n<li><span style=\"color: #808080;\">Infection en cours (urinaire, pulmonaire, ORL&#8230;)<\/span><\/li>\n<li><span style=\"color: #808080;\">Fi\u00e8vre<\/span><\/li>\n<li><span style=\"color: #808080;\">Antibioth\u00e9rapie en cours<\/span><\/li>\n<li><span style=\"color: #808080;\">Insuffisance cardiaque<\/span><\/li>\n<li><span style=\"color: #808080;\">Insuffisance r\u00e9nale<\/span><\/li>\n<\/ul>\n<h5><span style=\"color: #808080;\">Les contre-indications RELATIVES pour lesquelles UN AVIS MEDICAL EST SOUHAITE<span style=\"font-weight: 600;\">\u00a0<\/span>:<\/span><\/h5>\n<ul>\n<li><span style=\"color: #808080;\">Diab\u00e8te<\/span><\/li>\n<li><span style=\"color: #808080;\">Hypo\/hyperthyro\u00efdie<\/span><\/li>\n<li><span style=\"color: #808080;\">Hypertension<\/span><\/li>\n<li><span style=\"color: #808080;\">Asthme<\/span><\/li>\n<li><span style=\"color: #808080;\">Pathologie auto-immune<\/span><\/li>\n<\/ul>\n<p>\u00a0<\/p>\n<p>\u00a0<\/p>\n<p>\u00a0<\/p>\n\n\n<figure class=\"wp-block-image size-full is-style-default\"><img loading=\"lazy\" decoding=\"async\" width=\"864\" height=\"595\" src=\"http:\/\/renatafranca-montpellier.fr\/wp-content\/uploads\/2021\/11\/La-methode-Renata-Franca-12-1-e1637659679859.jpg\" alt=\"\" class=\"wp-image-356\" srcset=\"https:\/\/renatafranca-montpellier.fr\/wp-content\/uploads\/2021\/11\/La-methode-Renata-Franca-12-1-e1637659679859.jpg 864w, https:\/\/renatafranca-montpellier.fr\/wp-content\/uploads\/2021\/11\/La-methode-Renata-Franca-12-1-e1637659679859-300x207.jpg 300w, https:\/\/renatafranca-montpellier.fr\/wp-content\/uploads\/2021\/11\/La-methode-Renata-Franca-12-1-e1637659679859-768x529.jpg 768w\" sizes=\"(max-width: 864px) 100vw, 864px\" \/><\/figure>\n","protected":false},"excerpt":{"rendered":"<p>\u00a0 La m\u00e9thode Renata Fran\u00e7a se compose de plusieurs protocoles sp\u00e9cifiques et compl\u00e9mentaires \u2009: le drainage lymphatique pour d\u00e9sengorger, d\u00e9toxifier et agir sur la cellulite aqueuse, mais aussi le remodelage, qui permet un travail en profondeur pour intervenir sur la cellulite adipeuse et fibreuse, et donc sculpter le corps. Le Drainage Lymphatique Renata Franca a &hellip; <\/p>\n","protected":false},"author":1,"featured_media":0,"parent":0,"menu_order":0,"comment_status":"closed","ping_status":"closed","template":"","meta":{"footnotes":""},"_links":{"self":[{"href":"https:\/\/renatafranca-montpellier.fr\/index.php?rest_route=\/wp\/v2\/pages\/181"}],"collection":[{"href":"https:\/\/renatafranca-montpellier.fr\/index.php?rest_route=\/wp\/v2\/pages"}],"about":[{"href":"https:\/\/renatafranca-montpellier.fr\/index.php?rest_route=\/wp\/v2\/types\/page"}],"author":[{"embeddable":true,"href":"https:\/\/renatafranca-montpellier.fr\/index.php?rest_route=\/wp\/v2\/users\/1"}],"replies":[{"embeddable":true,"href":"https:\/\/renatafranca-montpellier.fr\/index.php?rest_route=%2Fwp%2Fv2%2Fcomments&post=181"}],"version-history":[{"count":25,"href":"https:\/\/renatafranca-montpellier.fr\/index.php?rest_route=\/wp\/v2\/pages\/181\/revisions"}],"predecessor-version":[{"id":557,"href":"https:\/\/renatafranca-montpellier.fr\/index.php?rest_route=\/wp\/v2\/pages\/181\/revisions\/557"}],"wp:attachment":[{"href":"https:\/\/renatafranca-montpellier.fr\/index.php?rest_route=%2Fwp%2Fv2%2Fmedia&parent=181"}],"curies":[{"name":"wp","href":"https:\/\/api.w.org\/{rel}","templated":true}]}}