{"id":156,"date":"2021-10-18T15:59:10","date_gmt":"2021-10-18T13:59:10","guid":{"rendered":"http:\/\/renatafranca-montpellier.fr\/?page_id=156"},"modified":"2024-04-24T09:45:11","modified_gmt":"2024-04-24T07:45:11","slug":"les-tarifs","status":"publish","type":"page","link":"https:\/\/renatafranca-montpellier.fr\/?page_id=156","title":{"rendered":"Les tarifs"},"content":{"rendered":"\n<div class=\"wp-block-columns is-layout-flex wp-container-core-columns-layout-1 wp-block-columns-is-layout-flex\">\n<div class=\"wp-block-column has-text-color is-layout-flow wp-block-column-is-layout-flow\" style=\"color:#f4d4ab\">\n<p><span style=\"color: #808080;\">Drainage lymphatique 1h: 120 \u20ac<\/span><\/p>\n<p><span style=\"color: #808080;\">Remodelage 1h: 120 \u20ac<\/span><\/p>\n<p><span style=\"color: #808080;\">Miracle face 30 min: A venir<\/span><\/p>\n<h5><span style=\"color: #808080;\">Les Forfaits\u00a0<\/span><\/h5>\n<p><span style=\"color: #808080;\">A partir de 3 s\u00e9ances: 110 \u20ac par s\u00e9ance<\/span><\/p>\n<p><span style=\"color: #808080;\">Vous aurez la possibilit\u00e9 d&rsquo;alterner le drainage lymphatique et le remodelage dans les forfaits. Diagnostic effectu\u00e9 par mes soins en fonction de votre profil, vos attentes et besoins\u00a0<\/span><\/p>\n<\/div>\n\n\n\n<div class=\"wp-block-column is-layout-flow wp-block-column-is-layout-flow\">\n<figure class=\"wp-block-image size-full is-style-default\"><img loading=\"lazy\" decoding=\"async\" width=\"855\" height=\"591\" src=\"http:\/\/renatafranca-montpellier.fr\/wp-content\/uploads\/2021\/11\/Renata-Franca-Remodelage.jpg\" alt=\"\" class=\"wp-image-370\" srcset=\"https:\/\/renatafranca-montpellier.fr\/wp-content\/uploads\/2021\/11\/Renata-Franca-Remodelage.jpg 855w, https:\/\/renatafranca-montpellier.fr\/wp-content\/uploads\/2021\/11\/Renata-Franca-Remodelage-300x207.jpg 300w, https:\/\/renatafranca-montpellier.fr\/wp-content\/uploads\/2021\/11\/Renata-Franca-Remodelage-768x531.jpg 768w\" sizes=\"(max-width: 855px) 100vw, 855px\" \/><\/figure>\n\n\n\n<p><\/p>\n<\/div>\n<\/div>\n","protected":false},"excerpt":{"rendered":"<p>Drainage lymphatique 1h: 120 \u20ac Remodelage 1h: 120 \u20ac Miracle face 30 min: A venir Les Forfaits\u00a0 A partir de 3 s\u00e9ances: 110 \u20ac par s\u00e9ance Vous aurez la possibilit\u00e9 d&rsquo;alterner le drainage lymphatique et le remodelage dans les forfaits. Diagnostic effectu\u00e9 par mes soins en fonction de votre profil, vos attentes et besoins\u00a0<\/p>\n","protected":false},"author":1,"featured_media":0,"parent":0,"menu_order":0,"comment_status":"closed","ping_status":"closed","template":"","meta":{"footnotes":""},"_links":{"self":[{"href":"https:\/\/renatafranca-montpellier.fr\/index.php?rest_route=\/wp\/v2\/pages\/156"}],"collection":[{"href":"https:\/\/renatafranca-montpellier.fr\/index.php?rest_route=\/wp\/v2\/pages"}],"about":[{"href":"https:\/\/renatafranca-montpellier.fr\/index.php?rest_route=\/wp\/v2\/types\/page"}],"author":[{"embeddable":true,"href":"https:\/\/renatafranca-montpellier.fr\/index.php?rest_route=\/wp\/v2\/users\/1"}],"replies":[{"embeddable":true,"href":"https:\/\/renatafranca-montpellier.fr\/index.php?rest_route=%2Fwp%2Fv2%2Fcomments&post=156"}],"version-history":[{"count":29,"href":"https:\/\/renatafranca-montpellier.fr\/index.php?rest_route=\/wp\/v2\/pages\/156\/revisions"}],"predecessor-version":[{"id":636,"href":"https:\/\/renatafranca-montpellier.fr\/index.php?rest_route=\/wp\/v2\/pages\/156\/revisions\/636"}],"wp:attachment":[{"href":"https:\/\/renatafranca-montpellier.fr\/index.php?rest_route=%2Fwp%2Fv2%2Fmedia&parent=156"}],"curies":[{"name":"wp","href":"https:\/\/api.w.org\/{rel}","templated":true}]}}