{"id":150,"date":"2021-10-18T15:56:57","date_gmt":"2021-10-18T13:56:57","guid":{"rendered":"http:\/\/renatafranca-montpellier.fr\/?page_id=150"},"modified":"2024-11-16T09:09:08","modified_gmt":"2024-11-16T08:09:08","slug":"lucie-bordier","status":"publish","type":"page","link":"https:\/\/renatafranca-montpellier.fr\/?page_id=150","title":{"rendered":"Votre th\u00e9rapeute"},"content":{"rendered":"\n<p>Ost\u00e9opathe dipl\u00f4m\u00e9e en 2014 de l\u2019Ecole d\u2019Ost\u00e9opathie de Paris, Lucie Bordier s\u2019est ensuite form\u00e9e \u00e0 la prise en charge des nourrissons et des femmes enceintes.&nbsp;<\/p>\n\n\n\n<p>Soucieuse de r\u00e9pondre au mieux aux probl\u00e9matiques de ses patients elle s\u2019est rapidement sp\u00e9cialis\u00e9e sur le syst\u00e8me lymphatique. C\u2019est logiquement qu\u2019elle s\u2019est form\u00e9e \u00e0 la M\u00e9thode Renata Fran\u00e7a \u00e0 Marseille.&nbsp;<\/p>\n\n\n\n<p>Sa connaissance du corps humain lui permet de vous proposer une prise en charge globale avec une expertise sp\u00e9cifique sur les m\u00e9thodes de drainage lymphatique et remodelage Renata Fran\u00e7a.&nbsp;<\/p>\n\n\n\n<figure class=\"wp-block-gallery has-nested-images columns-default is-cropped wp-block-gallery-1 is-layout-flex wp-block-gallery-is-layout-flex\">\n<figure class=\"wp-block-image size-large\"><img loading=\"lazy\" decoding=\"async\" width=\"683\" height=\"1024\" data-id=\"643\" src=\"https:\/\/renatafranca-montpellier.fr\/wp-content\/uploads\/2024\/11\/photo-207-683x1024.jpg\" alt=\"\" class=\"wp-image-643\" srcset=\"https:\/\/renatafranca-montpellier.fr\/wp-content\/uploads\/2024\/11\/photo-207-683x1024.jpg 683w, https:\/\/renatafranca-montpellier.fr\/wp-content\/uploads\/2024\/11\/photo-207-200x300.jpg 200w, https:\/\/renatafranca-montpellier.fr\/wp-content\/uploads\/2024\/11\/photo-207-768x1152.jpg 768w, https:\/\/renatafranca-montpellier.fr\/wp-content\/uploads\/2024\/11\/photo-207-1024x1536.jpg 1024w, https:\/\/renatafranca-montpellier.fr\/wp-content\/uploads\/2024\/11\/photo-207-1365x2048.jpg 1365w, https:\/\/renatafranca-montpellier.fr\/wp-content\/uploads\/2024\/11\/photo-207-40x60.jpg 40w, https:\/\/renatafranca-montpellier.fr\/wp-content\/uploads\/2024\/11\/photo-207-scaled.jpg 1707w\" sizes=\"(max-width: 683px) 100vw, 683px\" \/><\/figure>\n\n\n\n<figure class=\"wp-block-image size-large\"><img loading=\"lazy\" decoding=\"async\" width=\"683\" height=\"1024\" data-id=\"646\" src=\"https:\/\/renatafranca-montpellier.fr\/wp-content\/uploads\/2024\/11\/Lucie-Bordier-Osteopathe-683x1024.jpg\" alt=\"\" class=\"wp-image-646\" srcset=\"https:\/\/renatafranca-montpellier.fr\/wp-content\/uploads\/2024\/11\/Lucie-Bordier-Osteopathe-683x1024.jpg 683w, https:\/\/renatafranca-montpellier.fr\/wp-content\/uploads\/2024\/11\/Lucie-Bordier-Osteopathe-200x300.jpg 200w, https:\/\/renatafranca-montpellier.fr\/wp-content\/uploads\/2024\/11\/Lucie-Bordier-Osteopathe-768x1152.jpg 768w, https:\/\/renatafranca-montpellier.fr\/wp-content\/uploads\/2024\/11\/Lucie-Bordier-Osteopathe-1024x1536.jpg 1024w, https:\/\/renatafranca-montpellier.fr\/wp-content\/uploads\/2024\/11\/Lucie-Bordier-Osteopathe-1365x2048.jpg 1365w, https:\/\/renatafranca-montpellier.fr\/wp-content\/uploads\/2024\/11\/Lucie-Bordier-Osteopathe-40x60.jpg 40w, https:\/\/renatafranca-montpellier.fr\/wp-content\/uploads\/2024\/11\/Lucie-Bordier-Osteopathe-scaled.jpg 1707w\" sizes=\"(max-width: 683px) 100vw, 683px\" \/><\/figure>\n\n\n\n<figure class=\"wp-block-image size-large\"><img loading=\"lazy\" decoding=\"async\" width=\"1024\" height=\"683\" data-id=\"644\" src=\"https:\/\/renatafranca-montpellier.fr\/wp-content\/uploads\/2024\/11\/photo-232-1024x683.jpg\" alt=\"\" class=\"wp-image-644\" srcset=\"https:\/\/renatafranca-montpellier.fr\/wp-content\/uploads\/2024\/11\/photo-232-1024x683.jpg 1024w, https:\/\/renatafranca-montpellier.fr\/wp-content\/uploads\/2024\/11\/photo-232-300x200.jpg 300w, https:\/\/renatafranca-montpellier.fr\/wp-content\/uploads\/2024\/11\/photo-232-768x512.jpg 768w, https:\/\/renatafranca-montpellier.fr\/wp-content\/uploads\/2024\/11\/photo-232-1536x1024.jpg 1536w, https:\/\/renatafranca-montpellier.fr\/wp-content\/uploads\/2024\/11\/photo-232-2048x1365.jpg 2048w, https:\/\/renatafranca-montpellier.fr\/wp-content\/uploads\/2024\/11\/photo-232-90x60.jpg 90w\" sizes=\"(max-width: 1024px) 100vw, 1024px\" \/><\/figure>\n<\/figure>\n","protected":false},"excerpt":{"rendered":"<p>Ost\u00e9opathe dipl\u00f4m\u00e9e en 2014 de l\u2019Ecole d\u2019Ost\u00e9opathie de Paris, Lucie Bordier s\u2019est ensuite form\u00e9e \u00e0 la prise en charge des nourrissons et des femmes enceintes.&nbsp; Soucieuse de r\u00e9pondre au mieux aux probl\u00e9matiques de ses patients elle s\u2019est rapidement sp\u00e9cialis\u00e9e sur le syst\u00e8me lymphatique. C\u2019est logiquement qu\u2019elle s\u2019est form\u00e9e \u00e0 la M\u00e9thode Renata Fran\u00e7a \u00e0 Marseille.&nbsp; &hellip; <\/p>\n","protected":false},"author":1,"featured_media":0,"parent":0,"menu_order":0,"comment_status":"closed","ping_status":"closed","template":"","meta":{"footnotes":""},"_links":{"self":[{"href":"https:\/\/renatafranca-montpellier.fr\/index.php?rest_route=\/wp\/v2\/pages\/150"}],"collection":[{"href":"https:\/\/renatafranca-montpellier.fr\/index.php?rest_route=\/wp\/v2\/pages"}],"about":[{"href":"https:\/\/renatafranca-montpellier.fr\/index.php?rest_route=\/wp\/v2\/types\/page"}],"author":[{"embeddable":true,"href":"https:\/\/renatafranca-montpellier.fr\/index.php?rest_route=\/wp\/v2\/users\/1"}],"replies":[{"embeddable":true,"href":"https:\/\/renatafranca-montpellier.fr\/index.php?rest_route=%2Fwp%2Fv2%2Fcomments&post=150"}],"version-history":[{"count":4,"href":"https:\/\/renatafranca-montpellier.fr\/index.php?rest_route=\/wp\/v2\/pages\/150\/revisions"}],"predecessor-version":[{"id":647,"href":"https:\/\/renatafranca-montpellier.fr\/index.php?rest_route=\/wp\/v2\/pages\/150\/revisions\/647"}],"wp:attachment":[{"href":"https:\/\/renatafranca-montpellier.fr\/index.php?rest_route=%2Fwp%2Fv2%2Fmedia&parent=150"}],"curies":[{"name":"wp","href":"https:\/\/api.w.org\/{rel}","templated":true}]}}